{"id":40459,"date":"2025-07-17T13:08:41","date_gmt":"2025-07-17T13:08:41","guid":{"rendered":"https:\/\/arniucheesefest.com\/?page_id=40459"},"modified":"2025-07-31T13:24:13","modified_gmt":"2025-07-31T13:24:13","slug":"programa-arniu-25","status":"publish","type":"page","link":"https:\/\/arniucheesefest.com\/index.php\/programa-arniu-25\/","title":{"rendered":"Programa Arniu 25"},"content":{"rendered":"\t\t<div data-elementor-type=\"wp-page\" data-elementor-id=\"40459\" class=\"elementor elementor-40459\" data-elementor-post-type=\"page\">\n\t\t\t\t<div class=\"elementor-element elementor-element-be6a900 e-con-full e-flex e-con e-parent\" data-id=\"be6a900\" data-element_type=\"container\">\n\t\t<div class=\"elementor-element elementor-element-df45c2a e-flex e-con-boxed e-con e-child\" data-id=\"df45c2a\" data-element_type=\"container\">\n\t\t\t\t\t<div class=\"e-con-inner\">\n\t\t<div class=\"elementor-element elementor-element-79aa363 e-con-full e-flex e-con e-child\" data-id=\"79aa363\" data-element_type=\"container\">\n\t\t\t\t<div class=\"elementor-element elementor-element-d9a5923 elementor-widget-tablet__width-inherit elementor-widget elementor-widget-text-editor\" data-id=\"d9a5923\" data-element_type=\"widget\" data-widget_type=\"text-editor.default\">\n\t\t\t\t\t\t\t\t\t<p>Programa\u00a0<\/p><p>Xueves 14<\/p>\t\t\t\t\t\t\t\t<\/div>\n\t\t\t\t<div class=\"elementor-element elementor-element-d08b530 elementor-widget-tablet__width-inherit elementor-widget elementor-widget-text-editor\" data-id=\"d08b530\" data-element_type=\"widget\" data-widget_type=\"text-editor.default\">\n\t\t\t\t\t\t\t\t\t<p>Soto Ribera<\/p>\t\t\t\t\t\t\t\t<\/div>\n\t\t\t\t<div class=\"elementor-element elementor-element-9dac9fd elementor-widget-tablet__width-inherit elementor-widget elementor-widget-text-editor\" data-id=\"9dac9fd\" data-element_type=\"widget\" data-widget_type=\"text-editor.default\">\n\t\t\t\t\t\t\t\t\t<p>C.S. la caballer\u00eda<\/p>\t\t\t\t\t\t\t\t<\/div>\n\t\t\t\t<div class=\"elementor-element elementor-element-4e0bdf5 elementor-widget-tablet__width-inherit elementor-widget elementor-widget-text-editor\" data-id=\"4e0bdf5\" data-element_type=\"widget\" data-widget_type=\"text-editor.default\">\n\t\t\t\t\t\t\t\t\t<p>LA RIBERA \/ RIBERA DE ARRIBA<\/p>\t\t\t\t\t\t\t\t<\/div>\n\t\t\t\t<\/div>\n\t\t<div class=\"elementor-element elementor-element-4ce3268 e-con-full e-flex e-con e-child\" data-id=\"4ce3268\" data-element_type=\"container\">\n\t\t\t\t<div class=\"elementor-element elementor-element-40064cd elementor-widget-tablet__width-inherit elementor-widget elementor-widget-text-editor\" data-id=\"40064cd\" data-element_type=\"widget\" data-widget_type=\"text-editor.default\">\n\t\t\t\t\t\t\t\t\t<p>10:00<\/p>\t\t\t\t\t\t\t\t<\/div>\n\t\t\t\t<div class=\"elementor-element elementor-element-53b1951 elementor-widget-tablet__width-inherit elementor-widget elementor-widget-text-editor\" data-id=\"53b1951\" data-element_type=\"widget\" data-widget_type=\"text-editor.default\">\n\t\t\t\t\t\t\t\t\t<p>XORNADA D\u00b4ESTUDIU \/ SEMINARIU<\/p>\t\t\t\t\t\t\t\t<\/div>\n\t\t\t\t<div class=\"elementor-element elementor-element-f5bfcde elementor-widget-tablet__width-inherit elementor-widget elementor-widget-text-editor\" data-id=\"f5bfcde\" data-element_type=\"widget\" data-widget_type=\"text-editor.default\">\n\t\t\t\t\t\t\t\t\t<p>PROTOQUESOS<\/p>\t\t\t\t\t\t\t\t<\/div>\n\t\t\t\t<div class=\"elementor-element elementor-element-85701c9 elementor-widget-tablet__width-inherit elementor-widget elementor-widget-text-editor\" data-id=\"85701c9\" data-element_type=\"widget\" data-widget_type=\"text-editor.default\">\n\t\t\t\t\t\t\t\t\t<p>EL CAM\u00cdN HACIA LA RECUPERACI\u00d3N DE LOS QUESOS PRIMITIVOS DASTURIES.<\/p>\t\t\t\t\t\t\t\t<\/div>\n\t\t\t\t<div class=\"elementor-element elementor-element-638f153 elementor-widget elementor-widget-text-editor\" data-id=\"638f153\" data-element_type=\"widget\" data-widget_type=\"text-editor.default\">\n\t\t\t\t\t\t\t\t\t<p>Organiza: Direcci\u00f3n General de Reto Demogr\u00e1fico del Princip\u00e1u d&#8217;Asturies.<\/p><p>Coordina: Institutu Gastron\u00f3micu Asturianu.<\/p>\t\t\t\t\t\t\t\t<\/div>\n\t\t\t\t<div class=\"elementor-element elementor-element-99a8118 elementor-widget-tablet__width-inherit elementor-widget elementor-widget-text-editor\" data-id=\"99a8118\" data-element_type=\"widget\" data-widget_type=\"text-editor.default\">\n\t\t\t\t\t\t\t\t\t<p>13:00<\/p>\t\t\t\t\t\t\t\t<\/div>\n\t\t\t\t<div class=\"elementor-element elementor-element-a487e5f elementor-widget-tablet__width-inherit elementor-widget elementor-widget-text-editor\" data-id=\"a487e5f\" data-element_type=\"widget\" data-widget_type=\"text-editor.default\">\n\t\t\t\t\t\t\t\t\t<p>GALA DE ENTREGA<\/p>\t\t\t\t\t\t\t\t<\/div>\n\t\t\t\t<div class=\"elementor-element elementor-element-d41fc50 elementor-widget-tablet__width-inherit elementor-widget elementor-widget-text-editor\" data-id=\"d41fc50\" data-element_type=\"widget\" data-widget_type=\"text-editor.default\">\n\t\t\t\t\t\t\t\t\t<p>PREMIOS ARNIU<\/p>\t\t\t\t\t\t\t\t<\/div>\n\t\t\t\t<div class=\"elementor-element elementor-element-50d2d3b elementor-widget elementor-widget-text-editor\" data-id=\"50d2d3b\" data-element_type=\"widget\" data-widget_type=\"text-editor.default\">\n\t\t\t\t\t\t\t\t\t<p>En busca de los mejores quesos tradicionales y singulares del Cant\u00e1brico.<\/p>\t\t\t\t\t\t\t\t<\/div>\n\t\t\t\t<\/div>\n\t\t\t\t\t<\/div>\n\t\t\t\t<\/div>\n\t\t\t\t<\/div>\n\t\t<div class=\"elementor-element elementor-element-d442dbb e-con-full e-flex e-con e-parent\" data-id=\"d442dbb\" data-element_type=\"container\">\n\t\t<div class=\"elementor-element elementor-element-3496c1f e-flex e-con-boxed e-con e-child\" data-id=\"3496c1f\" data-element_type=\"container\">\n\t\t\t\t\t<div class=\"e-con-inner\">\n\t\t<div class=\"elementor-element elementor-element-ba57e8b e-con-full e-flex e-con e-child\" data-id=\"ba57e8b\" data-element_type=\"container\">\n\t\t\t\t<div class=\"elementor-element elementor-element-543b65b elementor-widget-tablet__width-inherit elementor-widget elementor-widget-text-editor\" data-id=\"543b65b\" data-element_type=\"widget\" data-widget_type=\"text-editor.default\">\n\t\t\t\t\t\t\t\t\t<p>Programa S\u00c1BADU 16<\/p>\t\t\t\t\t\t\t\t<\/div>\n\t\t\t\t<\/div>\n\t\t\t\t\t<\/div>\n\t\t\t\t<\/div>\n\t\t\t\t<\/div>\n\t\t<div class=\"elementor-element elementor-element-2019b80 e-con-full e-flex e-con e-parent\" data-id=\"2019b80\" data-element_type=\"container\">\n\t\t<div class=\"elementor-element elementor-element-7331581 e-flex e-con-boxed e-con e-child\" data-id=\"7331581\" data-element_type=\"container\">\n\t\t\t\t\t<div class=\"e-con-inner\">\n\t\t<div class=\"elementor-element elementor-element-f31488f e-con-full e-flex e-con e-child\" data-id=\"f31488f\" data-element_type=\"container\">\n\t\t\t\t<div class=\"elementor-element elementor-element-f538811 elementor-widget-tablet__width-inherit elementor-widget elementor-widget-text-editor\" data-id=\"f538811\" data-element_type=\"widget\" data-widget_type=\"text-editor.default\">\n\t\t\t\t\t\t\t\t\t<p>S\u00e1badu ma\u00f1ana<\/p>\t\t\t\t\t\t\t\t<\/div>\n\t\t\t\t<div class=\"elementor-element elementor-element-36b3af2 elementor-widget elementor-widget-spacer\" data-id=\"36b3af2\" data-element_type=\"widget\" data-widget_type=\"spacer.default\">\n\t\t\t\t\t\t\t<div class=\"elementor-spacer\">\n\t\t\t<div class=\"elementor-spacer-inner\"><\/div>\n\t\t<\/div>\n\t\t\t\t\t\t<\/div>\n\t\t\t\t<div class=\"elementor-element elementor-element-c959077 elementor-widget-tablet__width-inherit elementor-widget elementor-widget-text-editor\" data-id=\"c959077\" data-element_type=\"widget\" data-widget_type=\"text-editor.default\">\n\t\t\t\t\t\t\t\t\t<p>10:30<\/p>\t\t\t\t\t\t\t\t<\/div>\n\t\t\t\t<div class=\"elementor-element elementor-element-1f87acd elementor-widget-tablet__width-inherit elementor-widget elementor-widget-text-editor\" data-id=\"1f87acd\" data-element_type=\"widget\" data-widget_type=\"text-editor.default\">\n\t\t\t\t\t\t\t\t\t<p class=\"p1\">APERTURA STANDS Y RECINTU DE EXPOSITORES DE ARNIU.<\/p>\t\t\t\t\t\t\t\t<\/div>\n\t\t\t\t<div class=\"elementor-element elementor-element-8b16a3a elementor-widget-tablet__width-inherit elementor-widget elementor-widget-text-editor\" data-id=\"8b16a3a\" data-element_type=\"widget\" data-widget_type=\"text-editor.default\">\n\t\t\t\t\t\t\t\t\t<p>11:30<\/p>\t\t\t\t\t\t\t\t<\/div>\n\t\t\t\t<div class=\"elementor-element elementor-element-e4d9338 elementor-widget-tablet__width-inherit elementor-widget elementor-widget-text-editor\" data-id=\"e4d9338\" data-element_type=\"widget\" data-widget_type=\"text-editor.default\">\n\t\t\t\t\t\t\t\t\t<p class=\"p1\">ACTUACI\u00d3N BANDINA LOS GASCONES.<\/p>\t\t\t\t\t\t\t\t<\/div>\n\t\t\t\t<div class=\"elementor-element elementor-element-cb08b34 elementor-widget-tablet__width-inherit elementor-widget elementor-widget-text-editor\" data-id=\"cb08b34\" data-element_type=\"widget\" data-widget_type=\"text-editor.default\">\n\t\t\t\t\t\t\t\t\t<p>12:00<\/p>\t\t\t\t\t\t\t\t<\/div>\n\t\t\t\t<div class=\"elementor-element elementor-element-4a36b8c elementor-widget-tablet__width-inherit elementor-widget elementor-widget-text-editor\" data-id=\"4a36b8c\" data-element_type=\"widget\" data-widget_type=\"text-editor.default\">\n\t\t\t\t\t\t\t\t\t<p>INAUGURACI\u00d3N OFICIAL<\/p>\t\t\t\t\t\t\t\t<\/div>\n\t\t\t\t<div class=\"elementor-element elementor-element-c02aa48 elementor-widget elementor-widget-text-editor\" data-id=\"c02aa48\" data-element_type=\"widget\" data-widget_type=\"text-editor.default\">\n\t\t\t\t\t\t\t\t\t<p>Preg\u00f3n a cargu de David Casta\u00f1\u00f3n, comunicador gastron\u00f3micu; Presentador del programa de radio LES FARTURES na Radio Publica Asturiana (RPA).<\/p>\t\t\t\t\t\t\t\t<\/div>\n\t\t\t\t<div class=\"elementor-element elementor-element-aa0f104 elementor-widget-tablet__width-inherit elementor-widget elementor-widget-text-editor\" data-id=\"aa0f104\" data-element_type=\"widget\" data-widget_type=\"text-editor.default\">\n\t\t\t\t\t\t\t\t\t<p>CORTE DE QUESU INAUGURAL<\/p>\t\t\t\t\t\t\t\t<\/div>\n\t\t\t\t<div class=\"elementor-element elementor-element-879c3bd elementor-widget elementor-widget-text-editor\" data-id=\"879c3bd\" data-element_type=\"widget\" data-widget_type=\"text-editor.default\">\n\t\t\t\t\t\t\t\t\t<p class=\"p1\">(Arniu de Platinu 2025)<\/p>\t\t\t\t\t\t\t\t<\/div>\n\t\t\t\t<div class=\"elementor-element elementor-element-c75415d elementor-widget-tablet__width-inherit elementor-widget elementor-widget-text-editor\" data-id=\"c75415d\" data-element_type=\"widget\" data-widget_type=\"text-editor.default\">\n\t\t\t\t\t\t\t\t\t<p>13:00<\/p>\t\t\t\t\t\t\t\t<\/div>\n\t\t\t\t<div class=\"elementor-element elementor-element-162848a elementor-widget-tablet__width-inherit elementor-widget elementor-widget-text-editor\" data-id=\"162848a\" data-element_type=\"widget\" data-widget_type=\"text-editor.default\">\n\t\t\t\t\t\t\t\t\t<p class=\"p1\">TALLER INFANTIL GASTRO QUESERU.<\/p>\t\t\t\t\t\t\t\t<\/div>\n\t\t\t\t<div class=\"elementor-element elementor-element-e9ac227 elementor-widget elementor-widget-text-editor\" data-id=\"e9ac227\" data-element_type=\"widget\" data-widget_type=\"text-editor.default\">\n\t\t\t\t\t\t\t\t\t<p class=\"p1\">(20 places hasta completar aforu).<\/p>\t\t\t\t\t\t\t\t<\/div>\n\t\t\t\t<div class=\"elementor-element elementor-element-68f1492 elementor-widget-tablet__width-inherit elementor-widget elementor-widget-text-editor\" data-id=\"68f1492\" data-element_type=\"widget\" data-widget_type=\"text-editor.default\">\n\t\t\t\t\t\t\t\t\t<p>13:30<\/p>\t\t\t\t\t\t\t\t<\/div>\n\t\t\t\t<div class=\"elementor-element elementor-element-466ef38 elementor-widget-tablet__width-inherit elementor-widget elementor-widget-text-editor\" data-id=\"466ef38\" data-element_type=\"widget\" data-widget_type=\"text-editor.default\">\n\t\t\t\t\t\t\t\t\t<p class=\"p1\">SESI\u00d3N VERM\u00da.<br \/>LA VERSI\u00d3N DE LOS HECHOS<\/p>\t\t\t\t\t\t\t\t<\/div>\n\t\t\t\t<\/div>\n\t\t<div class=\"elementor-element elementor-element-9e217b3 e-con-full e-flex e-con e-child\" data-id=\"9e217b3\" data-element_type=\"container\">\n\t\t\t\t<div class=\"elementor-element elementor-element-7b27194 elementor-widget-tablet__width-inherit elementor-widget elementor-widget-text-editor\" data-id=\"7b27194\" data-element_type=\"widget\" data-widget_type=\"text-editor.default\">\n\t\t\t\t\t\t\t\t\t<p>S\u00e1badu tarde<\/p>\t\t\t\t\t\t\t\t<\/div>\n\t\t\t\t<div class=\"elementor-element elementor-element-475ce97 elementor-widget elementor-widget-spacer\" data-id=\"475ce97\" data-element_type=\"widget\" data-widget_type=\"spacer.default\">\n\t\t\t\t\t\t\t<div class=\"elementor-spacer\">\n\t\t\t<div class=\"elementor-spacer-inner\"><\/div>\n\t\t<\/div>\n\t\t\t\t\t\t<\/div>\n\t\t\t\t<div class=\"elementor-element elementor-element-9752374 elementor-widget-tablet__width-inherit elementor-widget elementor-widget-text-editor\" data-id=\"9752374\" data-element_type=\"widget\" data-widget_type=\"text-editor.default\">\n\t\t\t\t\t\t\t\t\t<p>17:00<\/p>\t\t\t\t\t\t\t\t<\/div>\n\t\t\t\t<div class=\"elementor-element elementor-element-aee8eb8 elementor-widget-tablet__width-inherit elementor-widget elementor-widget-text-editor\" data-id=\"aee8eb8\" data-element_type=\"widget\" data-widget_type=\"text-editor.default\">\n\t\t\t\t\t\t\t\t\t<p class=\"p1\">LA G\u00dcERIATA DJ SET.<\/p>\t\t\t\t\t\t\t\t<\/div>\n\t\t\t\t<div class=\"elementor-element elementor-element-7f864ac elementor-widget-tablet__width-inherit elementor-widget elementor-widget-text-editor\" data-id=\"7f864ac\" data-element_type=\"widget\" data-widget_type=\"text-editor.default\">\n\t\t\t\t\t\t\t\t\t<p>17:00<\/p>\t\t\t\t\t\t\t\t<\/div>\n\t\t\t\t<div class=\"elementor-element elementor-element-e75e5d1 elementor-widget-tablet__width-inherit elementor-widget elementor-widget-text-editor\" data-id=\"e75e5d1\" data-element_type=\"widget\" data-widget_type=\"text-editor.default\">\n\t\t\t\t\t\t\t\t\t<p class=\"p1\">TALLER PREBA\/ MARIDAXE<\/p><p class=\"p1\">DE QUESU CASIN DOP Y SIDRES ESPUMOSES Y DE XELU.<\/p>\t\t\t\t\t\t\t\t<\/div>\n\t\t\t\t<div class=\"elementor-element elementor-element-142d305 elementor-widget elementor-widget-text-editor\" data-id=\"142d305\" data-element_type=\"widget\" data-widget_type=\"text-editor.default\">\n\t\t\t\t\t\t\t\t\t<p class=\"p1\">(50 places hasta completar aforu).<\/p>\t\t\t\t\t\t\t\t<\/div>\n\t\t\t\t<div class=\"elementor-element elementor-element-cb01406 elementor-widget-tablet__width-inherit elementor-widget elementor-widget-text-editor\" data-id=\"cb01406\" data-element_type=\"widget\" data-widget_type=\"text-editor.default\">\n\t\t\t\t\t\t\t\t\t<p>17:00<\/p>\t\t\t\t\t\t\t\t<\/div>\n\t\t\t\t<div class=\"elementor-element elementor-element-0bcb32b elementor-widget-tablet__width-inherit elementor-widget elementor-widget-text-editor\" data-id=\"0bcb32b\" data-element_type=\"widget\" data-widget_type=\"text-editor.default\">\n\t\t\t\t\t\t\t\t\t<p class=\"p1\">TALLER INFANTIL GASTRO QUESERU.<\/p>\t\t\t\t\t\t\t\t<\/div>\n\t\t\t\t<div class=\"elementor-element elementor-element-1ad7034 elementor-widget elementor-widget-text-editor\" data-id=\"1ad7034\" data-element_type=\"widget\" data-widget_type=\"text-editor.default\">\n\t\t\t\t\t\t\t\t\t<p class=\"p1\">(20 places hasta completar aforu).<\/p>\t\t\t\t\t\t\t\t<\/div>\n\t\t\t\t<div class=\"elementor-element elementor-element-3f47203 elementor-widget-tablet__width-inherit elementor-widget elementor-widget-text-editor\" data-id=\"3f47203\" data-element_type=\"widget\" data-widget_type=\"text-editor.default\">\n\t\t\t\t\t\t\t\t\t<p>18:00<\/p>\t\t\t\t\t\t\t\t<\/div>\n\t\t\t\t<div class=\"elementor-element elementor-element-a3ba339 elementor-widget-tablet__width-inherit elementor-widget elementor-widget-text-editor\" data-id=\"a3ba339\" data-element_type=\"widget\" data-widget_type=\"text-editor.default\">\n\t\t\t\t\t\t\t\t\t<p class=\"p1\">TALLER PREBA MARIDANE DE QUESOS Y BEBIDES ECOL\u00d3XIQUES (COPAE).<\/p>\t\t\t\t\t\t\t\t<\/div>\n\t\t\t\t<div class=\"elementor-element elementor-element-4590dd8 elementor-widget-tablet__width-inherit elementor-widget elementor-widget-text-editor\" data-id=\"4590dd8\" data-element_type=\"widget\" data-widget_type=\"text-editor.default\">\n\t\t\t\t\t\t\t\t\t<p>18:30<\/p>\t\t\t\t\t\t\t\t<\/div>\n\t\t\t\t<div class=\"elementor-element elementor-element-46a1d55 elementor-widget-tablet__width-inherit elementor-widget elementor-widget-text-editor\" data-id=\"46a1d55\" data-element_type=\"widget\" data-widget_type=\"text-editor.default\">\n\t\t\t\t\t\t\t\t\t<p class=\"p1\">ANIMACI\u00d3N DE CAi<\/p><p class=\"p1\">CON IDUMA MALABARES.<\/p>\t\t\t\t\t\t\t\t<\/div>\n\t\t\t\t<div class=\"elementor-element elementor-element-0442afd elementor-widget-tablet__width-inherit elementor-widget elementor-widget-text-editor\" data-id=\"0442afd\" data-element_type=\"widget\" data-widget_type=\"text-editor.default\">\n\t\t\t\t\t\t\t\t\t<p>19:00<\/p>\t\t\t\t\t\t\t\t<\/div>\n\t\t\t\t<div class=\"elementor-element elementor-element-0959830 elementor-widget-tablet__width-inherit elementor-widget elementor-widget-text-editor\" data-id=\"0959830\" data-element_type=\"widget\" data-widget_type=\"text-editor.default\">\n\t\t\t\t\t\t\t\t\t<p class=\"p1\">TALLER PREBA\/MARIDAXE<\/p><p class=\"p1\">DE QUESU GAMON\u00c9U DOP Y SIDRES ESPUMOSES Y DE XELU.<\/p>\t\t\t\t\t\t\t\t<\/div>\n\t\t\t\t<div class=\"elementor-element elementor-element-8c6804b elementor-widget elementor-widget-text-editor\" data-id=\"8c6804b\" data-element_type=\"widget\" data-widget_type=\"text-editor.default\">\n\t\t\t\t\t\t\t\t\t<p class=\"p1\">(50 places hasta completar aforu).<\/p>\t\t\t\t\t\t\t\t<\/div>\n\t\t\t\t<div class=\"elementor-element elementor-element-8011d8f elementor-widget-tablet__width-inherit elementor-widget elementor-widget-text-editor\" data-id=\"8011d8f\" data-element_type=\"widget\" data-widget_type=\"text-editor.default\">\n\t\t\t\t\t\t\t\t\t<p>20:30<\/p>\t\t\t\t\t\t\t\t<\/div>\n\t\t\t\t<div class=\"elementor-element elementor-element-f7161d1 elementor-widget-tablet__width-inherit elementor-widget elementor-widget-text-editor\" data-id=\"f7161d1\" data-element_type=\"widget\" data-widget_type=\"text-editor.default\">\n\t\t\t\t\t\t\t\t\t<p class=\"p1\">M\u00daSICA EN DIRECTU.<\/p><p class=\"p1\">THE BANDULA.<\/p>\t\t\t\t\t\t\t\t<\/div>\n\t\t\t\t<\/div>\n\t\t\t\t\t<\/div>\n\t\t\t\t<\/div>\n\t\t\t\t<\/div>\n\t\t<div class=\"elementor-element elementor-element-6302b79 e-flex e-con-boxed e-con e-parent\" data-id=\"6302b79\" data-element_type=\"container\">\n\t\t\t\t\t<div class=\"e-con-inner\">\n\t\t\t\t<div class=\"elementor-element elementor-element-848d93d elementor-widget elementor-widget-spacer\" data-id=\"848d93d\" data-element_type=\"widget\" data-widget_type=\"spacer.default\">\n\t\t\t\t\t\t\t<div class=\"elementor-spacer\">\n\t\t\t<div class=\"elementor-spacer-inner\"><\/div>\n\t\t<\/div>\n\t\t\t\t\t\t<\/div>\n\t\t\t\t\t<\/div>\n\t\t\t\t<\/div>\n\t\t<div class=\"elementor-element elementor-element-d5d923c e-flex e-con-boxed e-con e-parent\" data-id=\"d5d923c\" data-element_type=\"container\">\n\t\t\t\t\t<div class=\"e-con-inner\">\n\t\t\t\t<div class=\"elementor-element elementor-element-023bc2d elementor-widget elementor-widget-image\" data-id=\"023bc2d\" data-element_type=\"widget\" data-widget_type=\"image.default\">\n\t\t\t\t\t\t\t\t\t\t\t\t\t\t\t\t<a href=\"https:\/\/arniucheesefest.com\/wp-content\/uploads\/2025\/07\/arniu-lacueva.jpeg\" data-elementor-open-lightbox=\"yes\" data-elementor-lightbox-title=\"arniu-lacueva\" data-e-action-hash=\"#elementor-action%3Aaction%3Dlightbox%26settings%3DeyJpZCI6NDA5MzYsInVybCI6Imh0dHBzOlwvXC9hcm5pdWNoZWVzZWZlc3QuY29tXC93cC1jb250ZW50XC91cGxvYWRzXC8yMDI1XC8wN1wvYXJuaXUtbGFjdWV2YS5qcGVnIn0%3D\">\n\t\t\t\t\t\t\t<img fetchpriority=\"high\" decoding=\"async\" width=\"819\" height=\"1024\" src=\"https:\/\/arniucheesefest.com\/wp-content\/uploads\/2025\/07\/arniu-lacueva-819x1024.jpeg\" class=\"attachment-large size-large wp-image-40936\" alt=\"\" srcset=\"https:\/\/arniucheesefest.com\/wp-content\/uploads\/2025\/07\/arniu-lacueva-819x1024.jpeg 819w, https:\/\/arniucheesefest.com\/wp-content\/uploads\/2025\/07\/arniu-lacueva-240x300.jpeg 240w, https:\/\/arniucheesefest.com\/wp-content\/uploads\/2025\/07\/arniu-lacueva-768x961.jpeg 768w, https:\/\/arniucheesefest.com\/wp-content\/uploads\/2025\/07\/arniu-lacueva-1228x1536.jpeg 1228w, https:\/\/arniucheesefest.com\/wp-content\/uploads\/2025\/07\/arniu-lacueva.jpeg 1279w\" sizes=\"(max-width: 819px) 100vw, 819px\" \/>\t\t\t\t\t\t\t\t<\/a>\n\t\t\t\t\t\t\t\t\t\t\t\t\t\t\t<\/div>\n\t\t\t\t<div class=\"elementor-element elementor-element-ad56264 elementor-widget elementor-widget-spacer\" data-id=\"ad56264\" data-element_type=\"widget\" data-widget_type=\"spacer.default\">\n\t\t\t\t\t\t\t<div class=\"elementor-spacer\">\n\t\t\t<div class=\"elementor-spacer-inner\"><\/div>\n\t\t<\/div>\n\t\t\t\t\t\t<\/div>\n\t\t\t\t\t<\/div>\n\t\t\t\t<\/div>\n\t\t<div class=\"elementor-element elementor-element-dd50b5c e-flex e-con-boxed e-con e-parent\" data-id=\"dd50b5c\" data-element_type=\"container\">\n\t\t\t\t\t<div class=\"e-con-inner\">\n\t\t<div class=\"elementor-element elementor-element-426fe80 e-grid e-con-full e-con e-child\" data-id=\"426fe80\" data-element_type=\"container\">\n\t\t\t\t<div class=\"elementor-element elementor-element-b6a0d44 elementor-widget elementor-widget-image\" data-id=\"b6a0d44\" data-element_type=\"widget\" data-widget_type=\"image.default\">\n\t\t\t\t\t\t\t\t\t\t\t\t\t\t\t\t<a href=\"https:\/\/arniucheesefest.com\/wp-content\/uploads\/2025\/07\/arniu-jueves.jpeg\" data-elementor-open-lightbox=\"yes\" data-elementor-lightbox-title=\"arniu-jueves\" data-e-action-hash=\"#elementor-action%3Aaction%3Dlightbox%26settings%3DeyJpZCI6NDA5MzksInVybCI6Imh0dHBzOlwvXC9hcm5pdWNoZWVzZWZlc3QuY29tXC93cC1jb250ZW50XC91cGxvYWRzXC8yMDI1XC8wN1wvYXJuaXUtanVldmVzLmpwZWcifQ%3D%3D\">\n\t\t\t\t\t\t\t<img decoding=\"async\" width=\"576\" height=\"1024\" src=\"https:\/\/arniucheesefest.com\/wp-content\/uploads\/2025\/07\/arniu-jueves-576x1024.jpeg\" class=\"attachment-large size-large wp-image-40939\" alt=\"\" srcset=\"https:\/\/arniucheesefest.com\/wp-content\/uploads\/2025\/07\/arniu-jueves-576x1024.jpeg 576w, https:\/\/arniucheesefest.com\/wp-content\/uploads\/2025\/07\/arniu-jueves-169x300.jpeg 169w, https:\/\/arniucheesefest.com\/wp-content\/uploads\/2025\/07\/arniu-jueves-768x1365.jpeg 768w, https:\/\/arniucheesefest.com\/wp-content\/uploads\/2025\/07\/arniu-jueves-864x1536.jpeg 864w, https:\/\/arniucheesefest.com\/wp-content\/uploads\/2025\/07\/arniu-jueves.jpeg 900w\" sizes=\"(max-width: 576px) 100vw, 576px\" \/>\t\t\t\t\t\t\t\t<\/a>\n\t\t\t\t\t\t\t\t\t\t\t\t\t\t\t<\/div>\n\t\t\t\t<div class=\"elementor-element elementor-element-1290f0c elementor-widget elementor-widget-image\" data-id=\"1290f0c\" data-element_type=\"widget\" data-widget_type=\"image.default\">\n\t\t\t\t\t\t\t\t\t\t\t\t\t\t\t\t<a href=\"https:\/\/arniucheesefest.com\/wp-content\/uploads\/2025\/07\/arniu-sabado-manana.jpeg\" data-elementor-open-lightbox=\"yes\" data-elementor-lightbox-title=\"arniu-sabado-manana\" data-e-action-hash=\"#elementor-action%3Aaction%3Dlightbox%26settings%3DeyJpZCI6NDA5MzgsInVybCI6Imh0dHBzOlwvXC9hcm5pdWNoZWVzZWZlc3QuY29tXC93cC1jb250ZW50XC91cGxvYWRzXC8yMDI1XC8wN1wvYXJuaXUtc2FiYWRvLW1hbmFuYS5qcGVnIn0%3D\">\n\t\t\t\t\t\t\t<img decoding=\"async\" width=\"576\" height=\"1024\" src=\"https:\/\/arniucheesefest.com\/wp-content\/uploads\/2025\/07\/arniu-sabado-manana-576x1024.jpeg\" class=\"attachment-large size-large wp-image-40938\" alt=\"\" srcset=\"https:\/\/arniucheesefest.com\/wp-content\/uploads\/2025\/07\/arniu-sabado-manana-576x1024.jpeg 576w, https:\/\/arniucheesefest.com\/wp-content\/uploads\/2025\/07\/arniu-sabado-manana-169x300.jpeg 169w, https:\/\/arniucheesefest.com\/wp-content\/uploads\/2025\/07\/arniu-sabado-manana-768x1365.jpeg 768w, https:\/\/arniucheesefest.com\/wp-content\/uploads\/2025\/07\/arniu-sabado-manana-864x1536.jpeg 864w, https:\/\/arniucheesefest.com\/wp-content\/uploads\/2025\/07\/arniu-sabado-manana.jpeg 900w\" sizes=\"(max-width: 576px) 100vw, 576px\" \/>\t\t\t\t\t\t\t\t<\/a>\n\t\t\t\t\t\t\t\t\t\t\t\t\t\t\t<\/div>\n\t\t\t\t<div class=\"elementor-element elementor-element-7e6062f elementor-widget elementor-widget-image\" data-id=\"7e6062f\" data-element_type=\"widget\" data-widget_type=\"image.default\">\n\t\t\t\t\t\t\t\t\t\t\t\t\t\t\t\t<a href=\"https:\/\/arniucheesefest.com\/wp-content\/uploads\/2025\/07\/arniu-sabado-tarde.jpeg\" data-elementor-open-lightbox=\"yes\" data-elementor-lightbox-title=\"arniu-sabado-tarde\" data-e-action-hash=\"#elementor-action%3Aaction%3Dlightbox%26settings%3DeyJpZCI6NDA5MzcsInVybCI6Imh0dHBzOlwvXC9hcm5pdWNoZWVzZWZlc3QuY29tXC93cC1jb250ZW50XC91cGxvYWRzXC8yMDI1XC8wN1wvYXJuaXUtc2FiYWRvLXRhcmRlLmpwZWcifQ%3D%3D\">\n\t\t\t\t\t\t\t<img loading=\"lazy\" decoding=\"async\" width=\"576\" height=\"1024\" src=\"https:\/\/arniucheesefest.com\/wp-content\/uploads\/2025\/07\/arniu-sabado-tarde-576x1024.jpeg\" class=\"attachment-large size-large wp-image-40937\" alt=\"\" srcset=\"https:\/\/arniucheesefest.com\/wp-content\/uploads\/2025\/07\/arniu-sabado-tarde-576x1024.jpeg 576w, https:\/\/arniucheesefest.com\/wp-content\/uploads\/2025\/07\/arniu-sabado-tarde-169x300.jpeg 169w, https:\/\/arniucheesefest.com\/wp-content\/uploads\/2025\/07\/arniu-sabado-tarde-768x1365.jpeg 768w, https:\/\/arniucheesefest.com\/wp-content\/uploads\/2025\/07\/arniu-sabado-tarde-864x1536.jpeg 864w, https:\/\/arniucheesefest.com\/wp-content\/uploads\/2025\/07\/arniu-sabado-tarde.jpeg 900w\" sizes=\"(max-width: 576px) 100vw, 576px\" \/>\t\t\t\t\t\t\t\t<\/a>\n\t\t\t\t\t\t\t\t\t\t\t\t\t\t\t<\/div>\n\t\t\t\t<\/div>\n\t\t\t\t\t<\/div>\n\t\t\t\t<\/div>\n\t\t\t\t<\/div>\n\t\t","protected":false},"excerpt":{"rendered":"<p>Programa\u00a0 Xueves 14 Soto Ribera C.S. la caballer\u00eda LA RIBERA \/ RIBERA DE ARRIBA 10:00 XORNADA D\u00b4ESTUDIU \/ SEMINARIU PROTOQUESOS EL CAM\u00cdN HACIA LA RECUPERACI\u00d3N DE LOS QUESOS PRIMITIVOS DASTURIES. Organiza: Direcci\u00f3n General de Reto Demogr\u00e1fico del Princip\u00e1u d&#8217;Asturies. Coordina: Institutu Gastron\u00f3micu Asturianu. 13:00 GALA DE ENTREGA PREMIOS ARNIU En busca de los mejores quesos&hellip;<\/p>\n","protected":false},"author":1,"featured_media":0,"parent":0,"menu_order":0,"comment_status":"closed","ping_status":"closed","template":"","meta":{"footnotes":""},"class_list":["post-40459","page","type-page","status-publish","hentry"],"_links":{"self":[{"href":"https:\/\/arniucheesefest.com\/index.php\/wp-json\/wp\/v2\/pages\/40459","targetHints":{"allow":["GET"]}}],"collection":[{"href":"https:\/\/arniucheesefest.com\/index.php\/wp-json\/wp\/v2\/pages"}],"about":[{"href":"https:\/\/arniucheesefest.com\/index.php\/wp-json\/wp\/v2\/types\/page"}],"author":[{"embeddable":true,"href":"https:\/\/arniucheesefest.com\/index.php\/wp-json\/wp\/v2\/users\/1"}],"replies":[{"embeddable":true,"href":"https:\/\/arniucheesefest.com\/index.php\/wp-json\/wp\/v2\/comments?post=40459"}],"version-history":[{"count":67,"href":"https:\/\/arniucheesefest.com\/index.php\/wp-json\/wp\/v2\/pages\/40459\/revisions"}],"predecessor-version":[{"id":41087,"href":"https:\/\/arniucheesefest.com\/index.php\/wp-json\/wp\/v2\/pages\/40459\/revisions\/41087"}],"wp:attachment":[{"href":"https:\/\/arniucheesefest.com\/index.php\/wp-json\/wp\/v2\/media?parent=40459"}],"curies":[{"name":"wp","href":"https:\/\/api.w.org\/{rel}","templated":true}]}}